{"id":807,"date":"2022-04-16T23:51:28","date_gmt":"2022-04-16T20:51:28","guid":{"rendered":"https:\/\/modmixmap.wpengine.com\/?page_id=807"},"modified":"2023-07-05T16:05:29","modified_gmt":"2023-07-05T13:05:29","slug":"about","status":"publish","type":"page","link":"https:\/\/chancetour.com.tr\/tr\/about\/","title":{"rendered":"Hakk\u0131m\u0131zda"},"content":{"rendered":"<div data-elementor-type=\"wp-page\" data-elementor-id=\"807\" class=\"elementor elementor-807\">\n\t\t\t\t\t\t\t\t\t<section class=\"elementor-section elementor-top-section elementor-element elementor-element-6eb11fd1 elementor-section-boxed elementor-section-height-default elementor-section-height-default\" data-id=\"6eb11fd1\" data-element_type=\"section\">\n\t\t\t\t\t\t<div class=\"elementor-container elementor-column-gap-default\">\n\t\t\t\t\t<div class=\"elementor-column elementor-col-100 elementor-top-column elementor-element elementor-element-4732643c\" data-id=\"4732643c\" data-element_type=\"column\">\n\t\t\t<div class=\"elementor-widget-wrap elementor-element-populated\">\n\t\t\t\t\t\t\t\t<section class=\"elementor-section elementor-inner-section elementor-element elementor-element-2947a700 elementor-section-boxed elementor-section-height-default elementor-section-height-default\" data-id=\"2947a700\" data-element_type=\"section\" data-settings=\"{&quot;background_background&quot;:&quot;classic&quot;}\">\n\t\t\t\t\t\t<div class=\"elementor-container elementor-column-gap-default\">\n\t\t\t\t\t<div class=\"elementor-column elementor-col-100 elementor-inner-column elementor-element elementor-element-42bead8c\" data-id=\"42bead8c\" data-element_type=\"column\">\n\t\t\t<div class=\"elementor-widget-wrap\">\n\t\t\t\t\t\t\t\t\t<\/div>\n\t\t<\/div>\n\t\t\t\t\t\t\t<\/div>\n\t\t<\/section>\n\t\t\t\t\t<\/div>\n\t\t<\/div>\n\t\t\t\t\t\t\t<\/div>\n\t\t<\/section>\n\t\t\t\t<section class=\"elementor-section elementor-top-section elementor-element elementor-element-1e2f5304 elementor-section-boxed elementor-section-height-default elementor-section-height-default\" data-id=\"1e2f5304\" data-element_type=\"section\">\n\t\t\t\t\t\t<div class=\"elementor-container elementor-column-gap-default\">\n\t\t\t\t\t<div class=\"elementor-column elementor-col-100 elementor-top-column elementor-element elementor-element-6aae9b20\" data-id=\"6aae9b20\" data-element_type=\"column\">\n\t\t\t<div class=\"elementor-widget-wrap elementor-element-populated\">\n\t\t\t\t\t\t\t\t<div class=\"elementor-element elementor-element-4bbaade elementor-widget elementor-widget-heading\" data-id=\"4bbaade\" data-element_type=\"widget\" data-widget_type=\"heading.default\">\n\t\t\t\t<div class=\"elementor-widget-container\">\n\t\t\t<style>\/*! elementor - v3.13.3 - 28-05-2023 *\/\n.elementor-heading-title{padding:0;margin:0;line-height:1}.elementor-widget-heading .elementor-heading-title[class*=elementor-size-]>a{color:inherit;font-size:inherit;line-height:inherit}.elementor-widget-heading .elementor-heading-title.elementor-size-small{font-size:15px}.elementor-widget-heading .elementor-heading-title.elementor-size-medium{font-size:19px}.elementor-widget-heading .elementor-heading-title.elementor-size-large{font-size:29px}.elementor-widget-heading .elementor-heading-title.elementor-size-xl{font-size:39px}.elementor-widget-heading .elementor-heading-title.elementor-size-xxl{font-size:59px}<\/style><h2 class=\"elementor-heading-title elementor-size-default\">Kaliteli hizmet anlay\u0131\u015f\u0131m\u0131z ve m\u00fc\u015fteri memnuniyeti odakl\u0131 yakla\u015f\u0131m\u0131m\u0131z birinci \u00f6nceli\u011fimiz!<\/h2>\t\t<\/div>\n\t\t\t\t<\/div>\n\t\t\t\t<div class=\"elementor-element elementor-element-9896624 elementor-widget elementor-widget-text-editor\" data-id=\"9896624\" data-element_type=\"widget\" data-widget_type=\"text-editor.default\">\n\t\t\t\t<div class=\"elementor-widget-container\">\n\t\t\t<style>\/*! elementor - v3.13.3 - 28-05-2023 *\/\n.elementor-widget-text-editor.elementor-drop-cap-view-stacked .elementor-drop-cap{background-color:#69727d;color:#fff}.elementor-widget-text-editor.elementor-drop-cap-view-framed .elementor-drop-cap{color:#69727d;border:3px solid;background-color:transparent}.elementor-widget-text-editor:not(.elementor-drop-cap-view-default) .elementor-drop-cap{margin-top:8px}.elementor-widget-text-editor:not(.elementor-drop-cap-view-default) .elementor-drop-cap-letter{width:1em;height:1em}.elementor-widget-text-editor .elementor-drop-cap{float:left;text-align:center;line-height:1;font-size:50px}.elementor-widget-text-editor .elementor-drop-cap-letter{display:inline-block}<\/style>\t\t\t\t<div class=\"lRu31\"><span class=\"HwtZe\" lang=\"en\"><span class=\"jCAhz ChMk0b\"><span class=\"ryNqvb\">Chance Tour vip transfer ve ara\u00e7 kiralama hizmetleri veren lider bir firma olarak sekt\u00f6rde yerini alm\u0131\u015ft\u0131r.<\/span><\/span> <span class=\"jCAhz ChMk0b\"><span class=\"ryNqvb\">M\u00fc\u015fteri memnuniyetine odaklanarak, kaliteli hizmet anlay\u0131\u015f\u0131n\u0131 benimseyerek her zaman en iyi deneyimi ya\u015fatmay\u0131 hedefliyoruz.<\/span><\/span><\/span><\/div><div class=\"lRu31\"><span class=\"HwtZe\" lang=\"en\"><br \/><span class=\"jCAhz ChMk0b\"><span class=\"ryNqvb\">Chance Tour'un geni\u015f ara\u00e7 ta\u015f\u0131ma yelpazesi, ekipman \u00f6zelliklerine ve tercihlerine g\u00f6re grupland\u0131r\u0131lm\u0131\u015ft\u0131r.<\/span><\/span> <span class=\"jCAhz ChMk0b\"><span class=\"ryNqvb\">Y\u00fcksek standartlarda bak\u0131m cihazlar\u0131 ve g\u00fcvenlik ekipmanlar\u0131 ile donat\u0131lan ara\u00e7lar\u0131m\u0131z, s\u00fcr\u00fcc\u00fclerimiz taraf\u0131ndan g\u00fcvenle kullan\u0131lmaktad\u0131r.<\/span><\/span><\/span><\/div><div class=\"UdTY9 WdefRb\" aria-hidden=\"true\" data-location=\"2\">\u00a0<\/div>\t\t\t\t\t\t<\/div>\n\t\t\t\t<\/div>\n\t\t\t\t<div class=\"elementor-element elementor-element-8a81773 elementor-widget elementor-widget-text-editor\" data-id=\"8a81773\" data-element_type=\"widget\" data-widget_type=\"text-editor.default\">\n\t\t\t\t<div class=\"elementor-widget-container\">\n\t\t\t\t\t\t\t<p><span class=\"jCAhz ChMk0b\"><span class=\"ryNqvb\">M\u00fc\u015fterilerimize sundu\u011fumuz hizmetler aras\u0131nda vip transfer, havaalan\u0131 transferi, \u00f6zel \u015fof\u00f6rl\u00fc ara\u00e7 kiralama ve tur organizasyonlar\u0131 bulunmaktad\u0131r.<\/span><\/span> <span class=\"jCAhz ChMk0b\"><span class=\"ryNqvb\">Profesyonel ve deneyimli s\u00fcr\u00fcc\u00fclerimiz, m\u00fc\u015fterilerimizin g\u00fcvenli\u011fi ve konforu i\u00e7in her zaman \u00f6zenli hizmet vermektedir.<\/span><\/span><\/p><p><span class=\"jCAhz ChMk0b\"><span class=\"ryNqvb\">Chance\u00a0Tour, m\u00fc\u015fterilerimizin beklentilerini en iyi \u015fekilde kar\u015f\u0131lamak i\u00e7in \u00e7al\u0131\u015f\u0131r.<\/span><\/span> <span class=\"jCAhz ChMk0b\"><span class=\"ryNqvb\">Kaliteli hizmet anlay\u0131\u015f\u0131m\u0131z ve m\u00fc\u015fteri memnuniyeti odakl\u0131 yakla\u015f\u0131m\u0131m\u0131zla sekt\u00f6rdeki lider konumumuzu korumaya devam edece\u011fiz.<\/span><\/span><\/p><p>\u00a0<\/p><div class=\"lRu31\"><strong><span class=\"HwtZe\" lang=\"en\"><span class=\"jCAhz ChMk0b\"><span class=\"ryNqvb\">A10485 belge numaras\u0131 ile CHANCE TOUR SEYAHAT ACENTES\u0130'nin bir i\u015ftirakidir.<\/span><\/span><\/span><\/strong><\/div><div class=\"UdTY9 WdefRb\" aria-hidden=\"true\" data-location=\"2\">\u00a0<\/div>\t\t\t\t\t\t<\/div>\n\t\t\t\t<\/div>\n\t\t\t\t\t<\/div>\n\t\t<\/div>\n\t\t\t\t\t\t\t<\/div>\n\t\t<\/section>\n\t\t\t\t<section class=\"elementor-section elementor-top-section elementor-element elementor-element-333809e elementor-section-boxed elementor-section-height-default elementor-section-height-default\" data-id=\"333809e\" data-element_type=\"section\">\n\t\t\t\t\t\t<div class=\"elementor-container elementor-column-gap-default\">\n\t\t\t\t\t<div class=\"elementor-column elementor-col-100 elementor-top-column elementor-element elementor-element-dffc8fb\" data-id=\"dffc8fb\" data-element_type=\"column\">\n\t\t\t<div class=\"elementor-widget-wrap\">\n\t\t\t\t\t\t\t\t\t<\/div>\n\t\t<\/div>\n\t\t\t\t\t\t\t<\/div>\n\t\t<\/section>\n\t\t\t\t\t\t\t<\/div>","protected":false},"excerpt":{"rendered":"<p>Our understanding of quality service and customer satisfaction-oriented approach is our first priority! Chance Tour has taken its place in the sector as a leading company providing vip transfer and car rental services. Focusing on customer satisfaction, we always aim to provide the best experience by adopting a quality service approach.Chance Tour&#8217;s wide range of [&hellip;]<\/p>","protected":false},"author":1,"featured_media":489,"parent":0,"menu_order":0,"comment_status":"closed","ping_status":"closed","template":"template-blank.php","meta":{"footnotes":""},"class_list":["post-807","page","type-page","status-publish","has-post-thumbnail","hentry"],"_links":{"self":[{"href":"https:\/\/chancetour.com.tr\/tr\/wp-json\/wp\/v2\/pages\/807","targetHints":{"allow":["GET"]}}],"collection":[{"href":"https:\/\/chancetour.com.tr\/tr\/wp-json\/wp\/v2\/pages"}],"about":[{"href":"https:\/\/chancetour.com.tr\/tr\/wp-json\/wp\/v2\/types\/page"}],"author":[{"embeddable":true,"href":"https:\/\/chancetour.com.tr\/tr\/wp-json\/wp\/v2\/users\/1"}],"replies":[{"embeddable":true,"href":"https:\/\/chancetour.com.tr\/tr\/wp-json\/wp\/v2\/comments?post=807"}],"version-history":[{"count":13,"href":"https:\/\/chancetour.com.tr\/tr\/wp-json\/wp\/v2\/pages\/807\/revisions"}],"predecessor-version":[{"id":14642,"href":"https:\/\/chancetour.com.tr\/tr\/wp-json\/wp\/v2\/pages\/807\/revisions\/14642"}],"wp:featuredmedia":[{"embeddable":true,"href":"https:\/\/chancetour.com.tr\/tr\/wp-json\/"}],"wp:attachment":[{"href":"https:\/\/chancetour.com.tr\/tr\/wp-json\/wp\/v2\/media?parent=807"}],"curies":[{"name":"wp","href":"https:\/\/api.w.org\/{rel}","templated":true}]}}